{"id":1982,"date":"2026-04-21T22:25:43","date_gmt":"2026-04-21T20:25:43","guid":{"rendered":"https:\/\/www.hotel-lafonte.cz\/ubytovaci-rad\/"},"modified":"2026-04-27T18:28:28","modified_gmt":"2026-04-27T16:28:28","slug":"hausordnung","status":"publish","type":"page","link":"https:\/\/www.hotel-lafonte.cz\/de\/hausordnung\/","title":{"rendered":"Hausordnung"},"content":{"rendered":"<p><strong>Hotel Lafonte ****<\/strong><strong><br \/>\n<\/strong><strong> Majakovsk\u00e9ho 29, 360 05 Karlovy Vary<\/strong><strong><br \/>\n<\/strong><strong> der Gesellschaft Lafonte.cz s.r.o., Identifikationsnummer: 28047141,<\/strong><strong><br \/>\n<\/strong><strong> mit Sitz in Majakovsk\u00e9ho 29, 360 05 Karlovy Vary<\/strong><\/p>\n<ol>\n<li>Das Hotel ist berechtigt, nur G\u00e4ste zu beherbergen, die ordnungsgem\u00e4\u00df angemeldet sind. Zu diesem Zweck ist der Gast verpflichtet, bei der Ankunft einen g\u00fcltigen Identit\u00e4tsnachweis (Reisepass, Personalausweis oder ein anderes g\u00fcltiges Ausweisdokument) an der Hotelrezeption vorzulegen. Der zust\u00e4ndige Mitarbeiter nimmt die Anmeldung vor. Die vom Gast bereitgestellten personenbezogenen Daten unterliegen dem Schutz gem\u00e4\u00df den geltenden gesetzlichen Vorschriften. Das Hotel stellt dem Gast bei der Ankunft eine G\u00e4stekarte aus, auf der der Name des Hotels, die Zimmernummer sowie die Uhrzeit der Zimmerfreigabe am Abreisetag vermerkt sind. Sofern der Gast w\u00e4hrend seines Aufenthalts Anwendungen oder Leistungen in Anspruch nimmt, sind die entsprechenden Termine ebenfalls auf dieser Karte angegeben.<\/li>\n<li>Beim erneuten Betreten des Hotels ist der Gast verpflichtet, sich auf Aufforderung eines autorisierten Mitarbeiters mit einer g\u00fcltigen G\u00e4stekarte auszuweisen.<\/li>\n<li>Das Hotel ist verpflichtet, den Gast auf Grundlage der best\u00e4tigten Buchung sp\u00e4testens bis 19:00 Uhr einzuchecken; bis zu diesem Zeitpunkt wird das Zimmer reserviert, sofern nichts anderes vereinbart wurde.<\/li>\n<li>W\u00fcnscht der Gast eine Verl\u00e4ngerung des Aufenthalts, kann ihm ein anderes Zimmer zugewiesen werden.<\/li>\n<li>F\u00fcr den Empfang von Besuchern stehen die \u00f6ffentlichen Bereiche des Hotels zur Verf\u00fcgung. Der Empfang von Besuchern im Zimmer ist nur mit Zustimmung der Rezeption und ausschlie\u00dflich in der Zeit von 07:30 bis 22:00 Uhr gestattet.<\/li>\n<li>Im Falle einer Erkrankung oder Verletzung des Gastes organisiert das Hotel \u00e4rztliche Hilfe oder ggf. einen Transport in ein Krankenhaus.<\/li>\n<li>Der Gast ist berechtigt, das Zimmer f\u00fcr die vereinbarte Aufenthaltsdauer zu nutzen. Wurde keine Aufenthaltsdauer im Voraus vereinbart, ist der Gast verpflichtet, das Zimmer sp\u00e4testens um 10:00 Uhr am Abreisetag zu r\u00e4umen. Erfolgt die R\u00e4umung nicht fristgerecht, ist das Hotel berechtigt, eine zus\u00e4tzliche \u00dcbernachtung in Rechnung zu stellen.<\/li>\n<li>Ohne Zustimmung der Hotelleitung ist es dem Gast nicht gestattet, Einrichtungen im Zimmer oder in den Hotelr\u00e4umen zu ver\u00e4ndern, umzusetzen oder Eingriffe in elektrische oder andere Installationen vorzunehmen.<\/li>\n<li>Die Verwendung eigener elektrischer Ger\u00e4te ist im Hotel, insbesondere in den Zimmern, nicht gestattet. Ausgenommen sind Ger\u00e4te zur pers\u00f6nlichen Hygiene (z. B. Rasierer, Haartrockner, Massageger\u00e4te).<\/li>\n<li>Beim Verlassen des Zimmers ist der Gast verpflichtet: Wasserh\u00e4hne zu schlie\u00dfen, das Licht auszuschalten, Fenster und T\u00fcren zu schlie\u00dfen<\/li>\n<li>Aus Sicherheitsgr\u00fcnden sollten Kinder unter 10 Jahren nicht unbeaufsichtigt in den Zimmern oder \u00f6ffentlichen Bereichen des Hotels bleiben.<\/li>\n<li>Es ist dem Gast nicht gestattet, Sportger\u00e4te oder Gegenst\u00e4nde in das Zimmer zu bringen, f\u00fcr deren Aufbewahrung spezielle Bereiche vorgesehen sind.<\/li>\n<li>Haustiere sind im Hotel nicht gestattet.<\/li>\n<\/ol>\n","protected":false},"excerpt":{"rendered":"<p>Hotel Lafonte **** Majakovsk\u00e9ho 29, 360 05 Karlovy Vary der Gesellschaft Lafonte.cz s.r.o., Identifikationsnummer: 28047141, mit Sitz in Majakovsk\u00e9ho 29, 360 05 Karlovy Vary Das Hotel ist berechtigt, nur G\u00e4ste zu beherbergen, die ordnungsgem\u00e4\u00df angemeldet sind. Zu diesem Zweck ist der Gast verpflichtet, bei der Ankunft einen g\u00fcltigen Identit\u00e4tsnachweis (Reisepass, Personalausweis oder ein anderes g\u00fcltiges [&hellip;]<\/p>\n","protected":false},"author":1,"featured_media":0,"parent":0,"menu_order":0,"comment_status":"closed","ping_status":"closed","template":"","meta":{"_acf_changed":false,"inline_featured_image":false,"footnotes":""},"class_list":["post-1982","page","type-page","status-publish","hentry"],"acf":[],"_links":{"self":[{"href":"https:\/\/www.hotel-lafonte.cz\/de\/wp-json\/wp\/v2\/pages\/1982","targetHints":{"allow":["GET"]}}],"collection":[{"href":"https:\/\/www.hotel-lafonte.cz\/de\/wp-json\/wp\/v2\/pages"}],"about":[{"href":"https:\/\/www.hotel-lafonte.cz\/de\/wp-json\/wp\/v2\/types\/page"}],"author":[{"embeddable":true,"href":"https:\/\/www.hotel-lafonte.cz\/de\/wp-json\/wp\/v2\/users\/1"}],"replies":[{"embeddable":true,"href":"https:\/\/www.hotel-lafonte.cz\/de\/wp-json\/wp\/v2\/comments?post=1982"}],"version-history":[{"count":5,"href":"https:\/\/www.hotel-lafonte.cz\/de\/wp-json\/wp\/v2\/pages\/1982\/revisions"}],"predecessor-version":[{"id":2000,"href":"https:\/\/www.hotel-lafonte.cz\/de\/wp-json\/wp\/v2\/pages\/1982\/revisions\/2000"}],"wp:attachment":[{"href":"https:\/\/www.hotel-lafonte.cz\/de\/wp-json\/wp\/v2\/media?parent=1982"}],"curies":[{"name":"wp","href":"https:\/\/api.w.org\/{rel}","templated":true}]}}