{"id":1978,"date":"2026-04-21T22:36:50","date_gmt":"2026-04-21T20:36:50","guid":{"rendered":"https:\/\/www.hotel-lafonte.cz\/impressum\/"},"modified":"2026-04-27T18:30:32","modified_gmt":"2026-04-27T16:30:32","slug":"impressum","status":"publish","type":"page","link":"https:\/\/www.hotel-lafonte.cz\/de\/impressum\/","title":{"rendered":"Impressum"},"content":{"rendered":"<p><strong>Impressum gem\u00e4\u00df Gesetz Nr. 121\/2000 Slg. (Urheberrechtsgesetz) und Gesetz Nr. 480\/2004 Slg. \u00fcber bestimmte Dienste der Informationsgesellschaft<\/strong><\/p>\n<h3><strong>Betreiber der Website<\/strong><\/h3>\n<p><strong>Lafonte.cz s.r.o.<\/strong><strong><br \/>\n<\/strong> Identifikationsnummer: 28047141<br \/>\nMajakovsk\u00e9ho 29<br \/>\n360 05 Karlovy Vary \u2013 Ryb\u00e1\u0159e<br \/>\nTschechische Republik<\/p>\n<h3><strong>Kontaktdaten<\/strong><\/h3>\n<p>E-Mail: <a href=\"mailto:info@hotel-lafonte.cz\">info@hotel-lafonte.cz<\/a><br \/>\nE-Mail: <a href=\"mailto:sales@hotel-lafonte.cz\">sales@hotel-lafonte.cz<\/a><br \/>\nTel.: +420 353 439 290<br \/>\nTel.: +420 724 469 905<\/p>\n<h3><strong>Haftung f\u00fcr Inhalte<\/strong><\/h3>\n<p>Die Inhalte unserer Website wurden mit gr\u00f6\u00dfter Sorgfalt erstellt.<br \/>\nDer Betreiber \u00fcbernimmt jedoch keine Gew\u00e4hr f\u00fcr die Richtigkeit, Vollst\u00e4ndigkeit und Aktualit\u00e4t der bereitgestellten Informationen.<\/p>\n<p>Der Betreiber beh\u00e4lt sich das Recht vor, Inhalte der Website jederzeit ohne vorherige Ank\u00fcndigung zu \u00e4ndern oder zu entfernen.<\/p>\n<h3><strong>Haftung f\u00fcr Links<\/strong><\/h3>\n<p>Unsere Website enth\u00e4lt Links zu externen Websites Dritter, auf deren Inhalte wir keinen Einfluss haben.<br \/>\nF\u00fcr die Inhalte dieser externen Seiten ist stets der jeweilige Anbieter oder Betreiber verantwortlich.<br \/>\nDer Betreiber \u00fcbernimmt daher keine Haftung f\u00fcr diese Inhalte.<\/p>\n<h3><strong>Urheberrecht<\/strong><\/h3>\n<p>Alle Inhalte dieser Website (Texte, Fotos, Grafiken und weitere Elemente) unterliegen dem Urheberrecht.<\/p>\n<p>Jegliche Nutzung, Vervielf\u00e4ltigung oder Verbreitung ohne vorherige schriftliche Zustimmung des Betreibers ist untersagt.<\/p>\n<h3><strong>Programmierung der Website<\/strong><\/h3>\n<p><strong>Ing. Jan Pavelka<\/strong><strong><br \/>\n<\/strong> E-Mail: <a href=\"mailto:info@pavelkajan.cz\">info@pavelkajan.cz<\/a><br \/>\nTel.: +420 731 784 984<br \/>\nWeb:<a title=\"Tvorba webov\u00fdch str\u00e1nek Praha a Karlovy Vary\" href=\"http:\/\/pavelkajan.cz\/\" target=\"_blank\" rel=\"noopener\">http:\/\/pavelkajan.cz\/<\/a><\/p>\n","protected":false},"excerpt":{"rendered":"<p>Impressum gem\u00e4\u00df Gesetz Nr. 121\/2000 Slg. (Urheberrechtsgesetz) und Gesetz Nr. 480\/2004 Slg. \u00fcber bestimmte Dienste der Informationsgesellschaft Betreiber der Website Lafonte.cz s.r.o. Identifikationsnummer: 28047141 Majakovsk\u00e9ho 29 360 05 Karlovy Vary \u2013 Ryb\u00e1\u0159e Tschechische Republik Kontaktdaten E-Mail: info@hotel-lafonte.cz E-Mail: sales@hotel-lafonte.cz Tel.: +420 353 439 290 Tel.: +420 724 469 905 Haftung f\u00fcr Inhalte Die Inhalte unserer [&hellip;]<\/p>\n","protected":false},"author":1,"featured_media":0,"parent":0,"menu_order":0,"comment_status":"closed","ping_status":"closed","template":"","meta":{"_acf_changed":false,"inline_featured_image":false,"footnotes":""},"class_list":["post-1978","page","type-page","status-publish","hentry"],"acf":[],"_links":{"self":[{"href":"https:\/\/www.hotel-lafonte.cz\/de\/wp-json\/wp\/v2\/pages\/1978","targetHints":{"allow":["GET"]}}],"collection":[{"href":"https:\/\/www.hotel-lafonte.cz\/de\/wp-json\/wp\/v2\/pages"}],"about":[{"href":"https:\/\/www.hotel-lafonte.cz\/de\/wp-json\/wp\/v2\/types\/page"}],"author":[{"embeddable":true,"href":"https:\/\/www.hotel-lafonte.cz\/de\/wp-json\/wp\/v2\/users\/1"}],"replies":[{"embeddable":true,"href":"https:\/\/www.hotel-lafonte.cz\/de\/wp-json\/wp\/v2\/comments?post=1978"}],"version-history":[{"count":3,"href":"https:\/\/www.hotel-lafonte.cz\/de\/wp-json\/wp\/v2\/pages\/1978\/revisions"}],"predecessor-version":[{"id":2002,"href":"https:\/\/www.hotel-lafonte.cz\/de\/wp-json\/wp\/v2\/pages\/1978\/revisions\/2002"}],"wp:attachment":[{"href":"https:\/\/www.hotel-lafonte.cz\/de\/wp-json\/wp\/v2\/media?parent=1978"}],"curies":[{"name":"wp","href":"https:\/\/api.w.org\/{rel}","templated":true}]}}